{"id":2236,"date":"2023-08-10T14:51:49","date_gmt":"2023-08-10T11:51:49","guid":{"rendered":"https:\/\/krallepet.com\/product\/1001-yeni-antrasit-jut-ve-halifleks-tirmalamali-kedi-evi\/"},"modified":"2023-09-28T18:19:32","modified_gmt":"2023-09-28T15:19:32","slug":"1001-multifunktionaler-katzenbaum-aus-jute-teppich","status":"publish","type":"product","link":"https:\/\/krallepet.com\/de\/product\/1001-multifunktionaler-katzenbaum-aus-jute-teppich\/","title":{"rendered":"1001 Multifunktionaler Katzenbaum aus Jute\/Teppich"},"content":{"rendered":"<p><strong>Multifunktionaler mehrstufiger Katzenbaum<\/strong><br \/>\n\u29bf S-f\u00f6rmiger Teppich-Kratzbereich<br \/>\n\u29bf Liegefl\u00e4che mit Kissen<br \/>\n\u29bf Terrasse zum Ausruhen<br \/>\n\u29bf Versteck f\u00fcr eine Katze in zylindrischer Form<br \/>\n\u29bf H\u00e4ngematte mit einer Tragf\u00e4higkeit von 15 kg<br \/>\n\u29bf Speziell entwickelter Unterhaltungs-Kratzbaum mit 2 cm dicker Jute-Spielschnur.<\/p>\n<p>\u25cf Dies ist der perfekte Kratzbaum zum Entspannen und Spa\u00df haben. Katzen haben ein instinktives Bed\u00fcrfnis, ihre Krallen an einem Kratzbaum zu sch\u00e4rfen.<br \/>\n\u25cf Der Kratzbaum befriedigt den Kratzinstinkt und verhindert so Sch\u00e4den an den M\u00f6beln.<\/p>\n<p>\u25cf Die Garantie f\u00fcr das Produkt und die Anlage betr\u00e4gt 2 Jahre.<br \/>\n\u25cf Der Katzenspielplatz (Kratzbaum) hat eine modulare Struktur, und wenn eines der Teile besch\u00e4digt ist, kann es ersetzt werden.<br \/>\n\u25cf Im Falle einer Besch\u00e4digung eines Teils, reicht es aus, Informationen und ein Foto an unsere WhatsApp-Nummer zu senden. Ein neues Teil wird zum Gro\u00dfhandelspreis zur Verf\u00fcgung gestellt werden.<br \/>\n\u25cf Das Kissen in der Katzenh\u00f6hle und das Kissen der Liegefl\u00e4che sind waschbar.<\/p>\n<p><em>\u2713 Alle Produkte haben eine Garantie f\u00fcr die Lieferung von Ersatzteilen und sind sehr kratzfest.<br \/>\n\u2713 Die Pfosten sind mit 6 mm dickem Juteseil umwickelt, das mit 100% organischer Farbe gef\u00e4rbt ist.<br \/>\n\u2713 Aufgrund der Farbwiedergabe digitaler Bilder kann es zu leichten Farbunterschieden zwischen dem tats\u00e4chlichen Produkt und den Fotos kommen.<br \/>\n\u2713 Das Zubeh\u00f6r f\u00fcr den Zusammenbau des Kratzbaums sowie der Montageplan sind im Lieferumfang enthalten.<br \/>\n<\/em><\/p>\n","protected":false},"excerpt":{"rendered":"<p>Multifunktionaler mehrstufiger Katzenbaum \u29bf S-f\u00f6rmiger Teppich-Kratzbereich \u29bf Liegefl\u00e4che mit Kissen \u29bf Terrasse zum Ausruhen \u29bf Versteck f\u00fcr eine Katze in zylindrischer Form \u29bf H\u00e4ngematte mit einer Tragf\u00e4higkeit von 15 kg \u29bf Speziell entwickelter Unterhaltungs-Kratzbaum mit 2 cm dicker Jute-Spielschnur. \u25cf Dies ist der perfekte Kratzbaum zum Entspannen und Spa\u00df haben. Katzen haben ein instinktives Bed\u00fcrfnis,&hellip;<\/p>\n","protected":false},"featured_media":1025,"template":"","meta":[],"product_brand":[],"product_cat":[173],"product_tag":[447],"class_list":{"0":"post-2236","1":"product","2":"type-product","3":"status-publish","4":"has-post-thumbnail","6":"product_cat-vip-kratzbaumu","7":"product_tag-kratzbaeume-mit-katzenhoehle","8":"description-off","10":"first","11":"instock","12":"shipping-taxable","13":"product-type-variable"},"aioseo_notices":[],"_links":{"self":[{"href":"https:\/\/krallepet.com\/de\/wp-json\/wp\/v2\/product\/2236","targetHints":{"allow":["GET"]}}],"collection":[{"href":"https:\/\/krallepet.com\/de\/wp-json\/wp\/v2\/product"}],"about":[{"href":"https:\/\/krallepet.com\/de\/wp-json\/wp\/v2\/types\/product"}],"wp:featuredmedia":[{"embeddable":true,"href":"https:\/\/krallepet.com\/de\/wp-json\/wp\/v2\/media\/1025"}],"wp:attachment":[{"href":"https:\/\/krallepet.com\/de\/wp-json\/wp\/v2\/media?parent=2236"}],"wp:term":[{"taxonomy":"product_brand","embeddable":true,"href":"https:\/\/krallepet.com\/de\/wp-json\/wp\/v2\/product_brand?post=2236"},{"taxonomy":"product_cat","embeddable":true,"href":"https:\/\/krallepet.com\/de\/wp-json\/wp\/v2\/product_cat?post=2236"},{"taxonomy":"product_tag","embeddable":true,"href":"https:\/\/krallepet.com\/de\/wp-json\/wp\/v2\/product_tag?post=2236"}],"curies":[{"name":"wp","href":"https:\/\/api.w.org\/{rel}","templated":true}]}}