{"id":5406,"date":"2023-09-04T17:38:13","date_gmt":"2023-09-04T14:38:13","guid":{"rendered":"https:\/\/krallepet.com\/?post_type=product&#038;p=5406"},"modified":"2023-09-28T18:18:03","modified_gmt":"2023-09-28T15:18:03","slug":"1046-kratzbaum-mit-terrasse-und-bruecke","status":"publish","type":"product","link":"https:\/\/krallepet.com\/de\/product\/1046-kratzbaum-mit-terrasse-und-bruecke\/","title":{"rendered":"1046 Kratzbaum mit Terrasse und Br\u00fccke"},"content":{"rendered":"<p><strong>Katzenbaum mit Kratzbaum, Terrasse und Br\u00fccke<\/strong><br \/>\n\u29bf Br\u00fccke mit Teppich gepolstert<br \/>\n\u29bf Terrasse zum Ausruhen<\/p>\n<p>\u25cf Dies ist der perfekte Kratzbaum zum Entspannen und Spa\u00df haben. Katzen haben ein instinktives Bed\u00fcrfnis, ihre Krallen an einem Kratzbaum zu sch\u00e4rfen.<br \/>\n\u25cf Der Kratzbaum befriedigt den Kratzinstinkt und verhindert so Sch\u00e4den an den M\u00f6beln.<\/p>\n<p>\u25cf Die Garantie f\u00fcr das Produkt und die Anlage betr\u00e4gt 2 Jahre.<br \/>\n\u25cf Der Katzenspielplatz (Kratzbaum) hat eine modulare Struktur, und wenn eines der Teile besch\u00e4digt ist, kann es ersetzt werden.<br \/>\n\u25cf Im Falle einer Besch\u00e4digung eines Teils, reicht es aus, Informationen und ein Foto an unsere WhatsApp-Nummer zu senden. Ein neues Teil wird zum Gro\u00dfhandelspreis zur Verf\u00fcgung gestellt werden.<\/p>\n<p><em>\u2713 Alle Produkte haben eine Garantie f\u00fcr die Lieferung von Ersatzteilen und sind sehr kratzfest.<br \/>\n\u2713 Die Pfosten sind mit 6 mm dickem Juteseil umwickelt, das mit 100% organischer Farbe gef\u00e4rbt ist.<br \/>\n\u2713 Aufgrund der Farbwiedergabe digitaler Bilder kann es zu leichten Farbunterschieden zwischen dem tats\u00e4chlichen Produkt und den Fotos kommen.<br \/>\n\u2713 Das Zubeh\u00f6r f\u00fcr den Zusammenbau des Kratzbaums sowie der Montageplan sind im Lieferumfang enthalten.<br \/>\n<\/em><\/p>\n","protected":false},"excerpt":{"rendered":"<p>Katzenbaum mit Kratzbaum, Terrasse und Br\u00fccke \u29bf Br\u00fccke mit Teppich gepolstert \u29bf Terrasse zum Ausruhen \u25cf Dies ist der perfekte Kratzbaum zum Entspannen und Spa\u00df haben. Katzen haben ein instinktives Bed\u00fcrfnis, ihre Krallen an einem Kratzbaum zu sch\u00e4rfen. \u25cf Der Kratzbaum befriedigt den Kratzinstinkt und verhindert so Sch\u00e4den an den M\u00f6beln. \u25cf Die Garantie f\u00fcr&hellip;<\/p>\n","protected":false},"featured_media":5419,"template":"","meta":[],"product_brand":[],"product_cat":[175],"product_tag":[446,445],"class_list":{"0":"post-5406","1":"product","2":"type-product","3":"status-publish","4":"has-post-thumbnail","6":"product_cat-1-stamm-kratzbaeume","7":"product_tag-kratzbaeume-mit-bruecke","8":"product_tag-kratzbaeume-mit-terrasse-korb","9":"description-off","11":"first","12":"instock","13":"shipping-taxable","14":"product-type-simple"},"aioseo_notices":[],"_links":{"self":[{"href":"https:\/\/krallepet.com\/de\/wp-json\/wp\/v2\/product\/5406","targetHints":{"allow":["GET"]}}],"collection":[{"href":"https:\/\/krallepet.com\/de\/wp-json\/wp\/v2\/product"}],"about":[{"href":"https:\/\/krallepet.com\/de\/wp-json\/wp\/v2\/types\/product"}],"wp:featuredmedia":[{"embeddable":true,"href":"https:\/\/krallepet.com\/de\/wp-json\/wp\/v2\/media\/5419"}],"wp:attachment":[{"href":"https:\/\/krallepet.com\/de\/wp-json\/wp\/v2\/media?parent=5406"}],"wp:term":[{"taxonomy":"product_brand","embeddable":true,"href":"https:\/\/krallepet.com\/de\/wp-json\/wp\/v2\/product_brand?post=5406"},{"taxonomy":"product_cat","embeddable":true,"href":"https:\/\/krallepet.com\/de\/wp-json\/wp\/v2\/product_cat?post=5406"},{"taxonomy":"product_tag","embeddable":true,"href":"https:\/\/krallepet.com\/de\/wp-json\/wp\/v2\/product_tag?post=5406"}],"curies":[{"name":"wp","href":"https:\/\/api.w.org\/{rel}","templated":true}]}}