{"id":813,"date":"2021-11-18T17:31:53","date_gmt":"2021-11-18T14:31:53","guid":{"rendered":"https:\/\/krallepet.com\/cerez-politikamiz\/"},"modified":"2023-08-06T22:53:18","modified_gmt":"2023-08-06T19:53:18","slug":"cookie-policy","status":"publish","type":"page","link":"https:\/\/krallepet.com\/en\/cookie-policy\/","title":{"rendered":"Cookie Policy"},"content":{"rendered":"<p class=\"legal1\">This is a legal page and is available in Turkish language only.<\/p>\n<p><strong>\u00c7EREZ POL\u0130T\u0130KAMIZ<\/strong><br \/>\n<strong>1. G\u0130R\u0130\u015e<\/strong><br \/>\n<strong>1.1. Ama\u00e7<\/strong><br \/>\n<a href=\"https:\/\/krallepet.com\/en\/\">krallepet.com<\/a> Web sitelerimizi, mobil sitelerimizi veya mobil uygular\u0131m\u0131z\u0131 ziyaret etti\u011finiz zamanlarda \u201c\u00e7erezler\u201d arac\u0131l\u0131\u011f\u0131yla bir\u00e7ok farkl\u0131 ama\u00e7 do\u011frultusunda ki\u015fisel verilerinizi toplamaktad\u0131r. Bu politikada size \u00e7erezlerin ne oldu\u011funu, nas\u0131l kulland\u0131\u011f\u0131m\u0131z\u0131, kulland\u0131\u011f\u0131m\u0131z farkl\u0131 \u00e7erez t\u00fcrleri ve bunlar\u0131 nas\u0131l de\u011fi\u015ftirebilece\u011finizi veya silebilece\u011finizi a\u00e7\u0131klamaktay\u0131z. Bu politikan\u0131n, \u00e7erez kullan\u0131m\u0131yla ilgili size anla\u015f\u0131labilir bilgiler sunmas\u0131n\u0131 ayr\u0131ca g\u00fcvende hissetmenize yard\u0131mc\u0131 olmas\u0131n\u0131 umuyoruz. Bu konu hakk\u0131nda daha fazla sorular\u0131n\u0131z\u0131n olmas\u0131 durumunda l\u00fctfen bizimle ileti\u015fim kurmaktan \u00e7ekinmeyin. Bu \u00c7erez Politikas\u0131 revize edilme ama\u00e7lar\u0131yla her zaman de\u011fi\u015ftirilebilir. Bu \u00c7erez Politikas\u0131ndaki herhangi bir de\u011fi\u015fiklik, \u00c7erez Politikas\u0131n\u0131 Sitemizde veya Site \u00fczerinden kullan\u0131labilir hale getirdi\u011fimizde ge\u00e7erli olur.<br \/>\n\u00c7erezler arac\u0131l\u0131\u011f\u0131yla toplan\u0131lan ki\u015fisel verileriniz hakk\u0131nda daha detayl\u0131 bilgi almak i\u00e7in Ki\u015fisel Verilerin Korunmas\u0131 Politikam\u0131z\u0131 inceleyebilirsiniz.<\/p>\n<p><strong>1.2. \u00c7erez Nedir?<\/strong><br \/>\nZiyaret etti\u011finiz bir web sitesi taraf\u0131ndan bilgisayar\u0131n\u0131zda depolanan bilgilerdir. \u00c7erezler genellikle ilgili web sitesine ait dil tercihiniz veya konumunuz gibi ayarlar\u0131n\u0131z\u0131 saklamak i\u00e7in kullan\u0131l\u0131r ayr\u0131ca \u00e7erezler, ki\u015fisel bilgileriniz (ad\u0131n\u0131z, e-posta adresiniz, telefon numaran\u0131z vb.) de d\u00e2hil olmak \u00fczere bir\u00e7ok farkl\u0131 bilgi i\u00e7erebilir. Ancak, bir sitenin ula\u015fabilece\u011fi bilgiler sizin ona sunduklar\u0131n\u0131zla s\u0131n\u0131rl\u0131d\u0131r. Web siteleri onlara vermedi\u011finiz bilgilere eri\u015femez. Ayr\u0131ca hi\u00e7bir site, bilgisayar\u0131n\u0131zdaki di\u011fer dosyalar\u0131 ula\u015famaz.<\/p>\n<p><strong>1.3 \u00c7erezleri Kullanma Ama\u00e7lar\u0131m\u0131z<\/strong><br \/>\n\u00c7erezleri, size \u00f6zel faydal\u0131 \u00fcr\u00fcn\/hizmetleri saptamak, bir sayfaya olan giri\u015fi saymak, kullan\u0131c\u0131 deneyimini geli\u015ftirmek, size daha kullan\u0131\u015fl\u0131 bir web sitesi ara y\u00fcz\u00fc tasarlayabilmek ve ki\u015fiye \u00f6zel ilgili reklam hizmetlerinde bulunmak amac\u0131yla kullan\u0131yoruz.<\/p>\n<p><strong>1.4 \u00c7erez T\u00fcrleri<\/strong><br \/>\n<strong>1.4.1 Temel \u00c7erezler:<\/strong><br \/>\nTemel \u00e7erezler, web sitemizin, mobil sitemizin ve mobil uygulamalar\u0131m\u0131za eri\u015fimin sa\u011flanmas\u0131 ve bunlar\u0131n istenilen \u015fekilde \u00e7al\u0131\u015fmas\u0131 i\u00e7in gereklidir. Bunlara ba\u011fl\u0131 servislerden ve hizmetlerden yararlanman\u0131z\u0131 sa\u011flamaktad\u0131r. Temel \u00e7erezlerin olmamas\u0131 durumunda, web sitemizin, mobil sitemizin ve mobil uygulamalar\u0131m\u0131z\u0131n sorunsuz bir \u015fekilde sizler i\u00e7in \u00e7al\u0131\u015fmas\u0131 m\u00fcmk\u00fcn olmay\u0131p, talep etti\u011finiz baz\u0131 hizmetler sunulamayabilecektir.<\/p>\n<p><strong>\u00c7erez T\u00fcr\u00fc Kullan\u0131m amac\u0131<\/strong><br \/>\nOturum \u00e7erezleri Kullan\u0131c\u0131lar\u0131n sistemdeki durumunu korumak i\u00e7in kullan\u0131lmaktad\u0131r. Y\u00fck Dengeleme Sistemin artan trafi\u011finin farkl\u0131 konumlardaki sunuculara (server) y\u00fck da\u011f\u0131l\u0131m\u0131n\u0131n yap\u0131labilmesi i\u00e7in kullan\u0131lmaktad\u0131r. Kullan\u0131c\u0131 Kimli\u011fi Sistemde olan kullan\u0131c\u0131y\u0131 tan\u0131mak ve ona \u00f6zel bilgileri sunabilmek amac\u0131yla kullan\u0131lmaktad\u0131r. G\u00fcvenlik Gerek sistemin gerek ise kullan\u0131c\u0131n\u0131n do\u011frulanmas\u0131 amac\u0131 ile kullan\u0131lmaktad\u0131r.<\/p>\n<p><strong>1.4.2 Tercih \u00c7erezleri:<\/strong><br \/>\nKullan\u0131m tercihlerinizi ve davran\u0131\u015flar\u0131n\u0131z\u0131 tespit etmek i\u00e7in ( dil se\u00e7ene\u011fi, co\u011frafi b\u00f6lge bilgisi vb.) ve sonras\u0131nda bu bilgileri hat\u0131rlayarak sizin i\u00e7in \u00f6zelle\u015ftirilmi\u015f bir kullan\u0131c\u0131 ara y\u00fcz\u00fc sunmak i\u00e7in kullan\u0131lmaktad\u0131r.<\/p>\n<p><strong>\u00c7erez T\u00fcr\u00fc Kullan\u0131m amac\u0131<\/strong><br \/>\nDil Kullan\u0131c\u0131n\u0131n yayg\u0131n olarak kulland\u0131\u011f\u0131 dilin saptanmas\u0131, saklanmas\u0131 ve buna ba\u011fl\u0131 ara y\u00fcz\u00fcn de\u011fi\u015ftirilmesi i\u00e7in kullan\u0131lmaktad\u0131r.<br \/>\nKonum Kullan\u0131c\u0131n\u0131n sisteme giri\u015f yapt\u0131\u011f\u0131 IP adresi \u00fczerinden yakla\u015f\u0131k adresi (\u00fclke, \u015fehir vb.) otomatik olarak al\u0131n\u0131p o b\u00f6lgeye \u00f6zel \u00fcr\u00fcn\/hizmet sunabilmek i\u00e7in kullan\u0131lmaktad\u0131r. Mobil Tasar\u0131m boyutlar\u0131, sistem gereksinimleri ve performans amac\u0131 ile kullan\u0131c\u0131n\u0131n sisteme bir mobil cihazdan giri\u015f yap\u0131p yapmad\u0131\u011f\u0131n\u0131 tespit etmek i\u00e7in kullan\u0131lmaktad\u0131r. Son ziyaret ve aktivite Son ziyaret edilme tarihi, aktivite ve di\u011fer bilgiler kullan\u0131c\u0131lara \u2018\u2018son ziyaret tarihinizden sonra nelerin de\u011fi\u015fti\u011fi\u2019\u2019 konusunda bir g\u00fcncelleme yaparak kullan\u0131c\u0131n\u0131n tercihlerini anlamak i\u00e7in kaydedilmektedir.<br \/>\nEn son izlenen video Sistem i\u00e7erisinde \u00fcr\u00fcn\/hizmet tan\u0131t\u0131m\u0131 amac\u0131 ile sunulan video kullan\u0131c\u0131 taraf\u0131ndan izlenmesi durumunda bir sonraki ziyaretinde farkl\u0131 i\u00e7erik sunmak i\u00e7in kullan\u0131lmaktad\u0131r. Ani \u00e7erezler Genellikle sisteme ilk giri\u015f esnas\u0131nda kullan\u0131c\u0131ya aniden interaktif (popup, video ya da ses) i\u00e7eriklerin sunulmas\u0131n\u0131 sa\u011flamaktad\u0131r. Sayfa Ge\u00e7mi\u015fi Sistem i\u00e7erisinde farkl\u0131 sayfalar aras\u0131nda ziyaretini ger\u00e7ekle\u015ftiren kullan\u0131c\u0131n\u0131n ileri, geri ya da direk olarak istedi\u011fi bir sayfaya h\u0131zl\u0131 bir \u015fekilde ula\u015fabilmesi i\u00e7in, ayr\u0131ca sayfa ge\u00e7i\u015fleri esnas\u0131nda bir sorun ya\u015farsa bir \u00f6nceki sayfaya y\u00f6nlendirilebilmesi i\u00e7in kullan\u0131l\u0131r. Ek olarak bulundu\u011fu sayfada bir sorun ya\u015farsa ilgili sayfan\u0131n hata bildirimi ve \u00e7\u00f6z\u00fc i\u00e7in kullan\u0131lmaktad\u0131r.<\/p>\n<p><strong>1.4.3 Sosyal Eklenti \u0130zleme \u00c7erezleri:<\/strong><br \/>\nBu \u00e7erezler, sosyal medya kullan\u0131c\u0131lar\u0131n\u0131 izleyerek pazar ara\u015ft\u0131rmalar\u0131 ve \u00fcr\u00fcn geli\u015ftirme i\u00e7in kullan\u0131lmaktad\u0131rlar.<\/p>\n<p><strong>\u00c7erez T\u00fcr\u00fc Kullan\u0131m amac\u0131<\/strong><br \/>\nFacebook Facebook \u00fcyelerinin (veya \u00fcye olmayan ki\u015filerin) pazar analizi ve \u00fcr\u00fcn geli\u015fimi amac\u0131yla izlenmesini sa\u011flar.<br \/>\nTwitter Sosyal medya a\u011flar\u0131na \u00fcye olan veya olmayan ki\u015filerin, pazar analizi ve \u00fcr\u00fcn geli\u015fimi amac\u0131yla izlenmesi i\u00e7in kullan\u0131l\u0131r.<\/p>\n<p><strong>1.4.4 Analiz \u00c7erezleri:<br \/>\n<\/strong>Kullan\u0131c\u0131lar i\u00e7in sistemi daha anla\u015f\u0131l\u0131r ve kullan\u0131\u015fl\u0131 hale getirmek i\u00e7in analiz ama\u00e7l\u0131 \u00e7erezler toplanmaktad\u0131r. Bu \u00e7erezler sistemin kullan\u0131c\u0131lar\u0131n geneline uyarlanabilmesi i\u00e7in kullan\u0131lmaktad\u0131r.<\/p>\n<p><strong>\u00c7erez T\u00fcr\u00fc Kullan\u0131m amac\u0131<\/strong><br \/>\nGoogle Analitik Kullan\u0131c\u0131n verilerinin k\u00fcmelenmi\u015f olarak Google taraf\u0131ndan istatistiki verileri i\u015flenmesi neticesinde kullan\u0131c\u0131lar\u0131n al\u0131\u015fkanl\u0131klar\u0131n\u0131n sistem taraf\u0131ndan daha iyi anla\u015f\u0131lmas\u0131 i\u00e7in kullan\u0131lmaktad\u0131r.<\/p>\n<p><strong>1.4.5 Pazarlama \u00c7erezleri:<\/strong><br \/>\nBu \u00e7erez t\u00fcr\u00fc pazarlama faaliyetleri kapsam\u0131nda kullan\u0131lmaktad\u0131r.<\/p>\n<p><strong>\u00c7erez T\u00fcr\u00fc Kullan\u0131m amac\u0131<\/strong><br \/>\nReklamc\u0131l\u0131k Davran\u0131\u015fsal ve hedef odakl\u0131 reklamlar\u0131n ziyaret\u00e7ilere g\u00f6sterilmesi amac\u0131yla kullan\u0131lmaktad\u0131r.<br \/>\nPazar Analizi Pazar analizi y\u00fcr\u00fct\u00fclmesi amac\u0131yla kullan\u0131lmaktad\u0131r<br \/>\nKampanya Kampanyalar\u0131n etkisini \u00f6l\u00e7mek i\u00e7in kullan\u0131lmaktad\u0131r.<br \/>\nDoland\u0131r\u0131c\u0131l\u0131k Tespiti<br \/>\nT\u0131klama hilelerinin tespit edilmesi i\u00e7in kullan\u0131lmaktad\u0131r.<\/p>\n<p><strong>1.5 \u00c7erezleri Y\u00f6netme<\/strong><br \/>\nWeb sitelerimiz, mobil sitelerimiz veya mobil uygular\u0131m\u0131z, varsay\u0131lan olarak \u00e7erezleri otomatik olarak kabul etmeye ayarl\u0131d\u0131r. Mevcut \u00e7erezleri cihaz\u0131n\u0131zdan kald\u0131rmak istiyorsan\u0131z taray\u0131c\u0131 se\u00e7eneklerinizi kullanabilirsiniz. Ayr\u0131ca \u00e7erezlerin cihaz\u0131m\u0131za yerle\u015ftirilmesini sonras\u0131nda da istememeniz durumunda taray\u0131c\u0131 ayarlar\u0131n\u0131zdan \u00e7erezleri engelleyebilirsiniz. Kulland\u0131\u011f\u0131m\u0131z \u00e7erezleri kald\u0131rman\u0131z veya engellemeniz durumunda web sitemizde, mobil sitemizde veya mobil uygulamalar\u0131m\u0131zda kullan\u0131m s\u0131ras\u0131nda bir tak\u0131m etkilerin olabilece\u011fini ve sitenin daha fazla kullan\u0131lamayabilece\u011fini bilmelisiniz. Taray\u0131c\u0131 ayarlar\u0131n\u0131zda \u00e7erezleri engellemedi\u011finiz takdirde, \u00e7erezlerimizi daha \u00f6nce silmi\u015f olsan\u0131z dahi sistemimiz sitemizi ziyaret etti\u011finizde veya taraf\u0131m\u0131zdan size g\u00f6nderilen bir e-mailde yer alan bir linke t\u0131klad\u0131\u011f\u0131n\u0131zda \u00e7erez yerle\u015ftirecektir.<\/p>\n<p><strong>1.6 Bizimle Ba\u011flant\u0131 Kurmak \u0130\u00e7in<\/strong><br \/>\n\u201c\u00c7erez Politikam\u0131z\u201d hakk\u0131nda ba\u015fka sorular\u0131n\u0131z\u0131n olmas\u0131 durumunda l\u00fctfen bizimle bilgi@krallepet.com\u00a0 e-mail adresinden ileti\u015fime ge\u00e7ebilirsiniz.<\/p>\n","protected":false},"excerpt":{"rendered":"<p>This is a legal page and is available in Turkish language only. \u00c7EREZ POL\u0130T\u0130KAMIZ 1. G\u0130R\u0130\u015e 1.1. Ama\u00e7 krallepet.com Web sitelerimizi, mobil sitelerimizi veya mobil uygular\u0131m\u0131z\u0131 ziyaret etti\u011finiz zamanlarda \u201c\u00e7erezler\u201d arac\u0131l\u0131\u011f\u0131yla bir\u00e7ok farkl\u0131 ama\u00e7 do\u011frultusunda ki\u015fisel verilerinizi toplamaktad\u0131r. Bu politikada size \u00e7erezlerin ne oldu\u011funu, nas\u0131l kulland\u0131\u011f\u0131m\u0131z\u0131, kulland\u0131\u011f\u0131m\u0131z farkl\u0131 \u00e7erez t\u00fcrleri ve bunlar\u0131 nas\u0131l de\u011fi\u015ftirebilece\u011finizi veya&hellip;<\/p>\n","protected":false},"author":1,"featured_media":0,"parent":0,"menu_order":0,"comment_status":"closed","ping_status":"closed","template":"","meta":{"footnotes":""},"class_list":["post-813","page","type-page","status-publish","hentry","description-off"],"aioseo_notices":[],"_links":{"self":[{"href":"https:\/\/krallepet.com\/en\/wp-json\/wp\/v2\/pages\/813","targetHints":{"allow":["GET"]}}],"collection":[{"href":"https:\/\/krallepet.com\/en\/wp-json\/wp\/v2\/pages"}],"about":[{"href":"https:\/\/krallepet.com\/en\/wp-json\/wp\/v2\/types\/page"}],"author":[{"embeddable":true,"href":"https:\/\/krallepet.com\/en\/wp-json\/wp\/v2\/users\/1"}],"replies":[{"embeddable":true,"href":"https:\/\/krallepet.com\/en\/wp-json\/wp\/v2\/comments?post=813"}],"version-history":[{"count":0,"href":"https:\/\/krallepet.com\/en\/wp-json\/wp\/v2\/pages\/813\/revisions"}],"wp:attachment":[{"href":"https:\/\/krallepet.com\/en\/wp-json\/wp\/v2\/media?parent=813"}],"curies":[{"name":"wp","href":"https:\/\/api.w.org\/{rel}","templated":true}]}}