{"id":4023,"date":"2023-09-01T18:10:44","date_gmt":"2023-09-01T15:10:44","guid":{"rendered":"https:\/\/krallepet.com\/?post_type=product&#038;p=4023"},"modified":"2023-09-28T19:08:56","modified_gmt":"2023-09-28T16:08:56","slug":"1037-drapak-z-domkiem-hamakiem-koszykiem","status":"publish","type":"product","link":"https:\/\/krallepet.com\/pl\/product\/1037-drapak-z-domkiem-hamakiem-koszykiem\/","title":{"rendered":"1037 Drapak z domkiem, hamakiem, koszykiem"},"content":{"rendered":"<p><strong>Drapak dla kota w formie drzewka z dwoma s\u0142upkami do drapania, domkiem, hamakiem, koszykiem<\/strong><br \/>\n\u29bf Taras do relaksu<br \/>\n\u29bf Domek dla kota<br \/>\n\u29bf Hamak o wytrzyma\u0142o\u015bci do 15 kg<br \/>\n\u29bf S\u0142upek do drapania z juty<\/p>\n<p>\u25cf To idealny plac zabaw dla kota, na kt\u00f3rym mo\u017ce si\u0119 zrelaksowa\u0107 i dobrze bawi\u0107. Koty maj\u0105 instynktowne pragnienie ostrzenia pazurk\u00f3w na drapaku.<br \/>\n\u25cf Drapak zaspokaja instynkt drapania, a tym samym zapobiega uszkodzeniom mebli.<\/p>\n<p>\u25cf 2-letnia gwarancja na produkt i monta\u017c.<br \/>\n\u25cf Plac zabaw dla kot\u00f3w ma modu\u0142ow\u0105 konstrukcj\u0119, a je\u015bli jedna z cz\u0119\u015bci ulegnie uszkodzeniu, mo\u017cna j\u0105 wymieni\u0107.<br \/>\n\u25cf W przypadku uszkodzenia jakiejkolwiek cz\u0119\u015bci wystarczy wys\u0142a\u0107 informacj\u0119 i zdj\u0119cie na nasz numer WhatsApp\u2019a. Nowa cz\u0119\u015b\u0107 zostanie dostarczona po cenie hurtowej.<br \/>\n\u25cf Mo\u017cna pra\u0107 zar\u00f3wno poduszk\u0119 z domku, jak i poduszk\u0119 z cz\u0119\u015bci wypoczynkowej.<\/p>\n<p><em>\u2713 Wszystkie produkty posiadaj\u0105 gwarancj\u0119 na dostaw\u0119 cz\u0119\u015bci zamiennych i s\u0105 wysoce odporne na drapanie.<br \/>\n\u2713 S\u0142upki s\u0105 owini\u0119te lin\u0105 jutow\u0105 o grubo\u015bci 6 mm, kt\u00f3ra jest barwiona w 100% organiczn\u0105 farb\u0105.<br \/>\n\u2713 Mog\u0105 wyst\u0119powa\u0107 niewielkie r\u00f3\u017cnice kolorystyczne mi\u0119dzy rzeczywistym produktem a zdj\u0119ciami ze wzgl\u0119du na renderowanie kolor\u00f3w obraz\u00f3w cyfrowych.<br \/>\n\u2713 W zestawie znajduj\u0105 si\u0119 akcesoria do monta\u017cu zestawu, a tak\u017ce schemat monta\u017cu. <\/em><\/p>\n","protected":false},"excerpt":{"rendered":"<p>Drapak dla kota w formie drzewka z dwoma s\u0142upkami do drapania, domkiem, hamakiem, koszykiem \u29bf Taras do relaksu \u29bf Domek dla kota \u29bf Hamak o wytrzyma\u0142o\u015bci do 15 kg \u29bf S\u0142upek do drapania z juty \u25cf To idealny plac zabaw dla kota, na kt\u00f3rym mo\u017ce si\u0119 zrelaksowa\u0107 i dobrze bawi\u0107. Koty maj\u0105 instynktowne pragnienie ostrzenia&hellip;<\/p>\n","protected":false},"featured_media":4053,"template":"","meta":[],"product_brand":[],"product_cat":[471],"product_tag":[476,474,475],"class_list":{"0":"post-4023","1":"product","2":"type-product","3":"status-publish","4":"has-post-thumbnail","6":"product_cat-drapaki-z-2-slupkami","7":"product_tag-drapaki-z-domkiem","8":"product_tag-drapaki-z-hamakiem","9":"product_tag-drapaki-z-tarasem-koszykiem","10":"description-off","12":"first","13":"instock","14":"shipping-taxable","15":"product-type-simple"},"aioseo_notices":[],"_links":{"self":[{"href":"https:\/\/krallepet.com\/pl\/wp-json\/wp\/v2\/product\/4023","targetHints":{"allow":["GET"]}}],"collection":[{"href":"https:\/\/krallepet.com\/pl\/wp-json\/wp\/v2\/product"}],"about":[{"href":"https:\/\/krallepet.com\/pl\/wp-json\/wp\/v2\/types\/product"}],"wp:featuredmedia":[{"embeddable":true,"href":"https:\/\/krallepet.com\/pl\/wp-json\/wp\/v2\/media\/4053"}],"wp:attachment":[{"href":"https:\/\/krallepet.com\/pl\/wp-json\/wp\/v2\/media?parent=4023"}],"wp:term":[{"taxonomy":"product_brand","embeddable":true,"href":"https:\/\/krallepet.com\/pl\/wp-json\/wp\/v2\/product_brand?post=4023"},{"taxonomy":"product_cat","embeddable":true,"href":"https:\/\/krallepet.com\/pl\/wp-json\/wp\/v2\/product_cat?post=4023"},{"taxonomy":"product_tag","embeddable":true,"href":"https:\/\/krallepet.com\/pl\/wp-json\/wp\/v2\/product_tag?post=4023"}],"curies":[{"name":"wp","href":"https:\/\/api.w.org\/{rel}","templated":true}]}}