{"id":5409,"date":"2023-09-04T17:38:13","date_gmt":"2023-09-04T14:38:13","guid":{"rendered":"https:\/\/krallepet.com\/?post_type=product&#038;p=5409"},"modified":"2023-09-28T19:00:48","modified_gmt":"2023-09-28T16:00:48","slug":"1046-drapak-dla-kota-z-tarasem-i-mostkiem","status":"publish","type":"product","link":"https:\/\/krallepet.com\/pl\/product\/1046-drapak-dla-kota-z-tarasem-i-mostkiem\/","title":{"rendered":"1046 Drapak dla kota z tarasem i mostkiem"},"content":{"rendered":"<p><strong>Drapak dla kota z tarasem i mostkiem<\/strong><br \/>\n\u29bf Mostek wy\u0142o\u017cony wyk\u0142adzin\u0105 dywanow\u0105<br \/>\n\u29bf Taras do relaksu<\/p>\n<p>\u25cf To idealny plac zabaw dla kota, na kt\u00f3rym mo\u017ce si\u0119 zrelaksowa\u0107 i dobrze bawi\u0107. Koty maj\u0105 instynktowne pragnienie ostrzenia pazurk\u00f3w na drapaku.<br \/>\n\u25cf Drapak zaspokaja instynkt drapania, a tym samym zapobiega uszkodzeniom mebli.<\/p>\n<p>\u25cf 2-letnia gwarancja na produkt i monta\u017c.<br \/>\n\u25cf Plac zabaw dla kot\u00f3w ma modu\u0142ow\u0105 konstrukcj\u0119, a je\u015bli jedna z cz\u0119\u015bci ulegnie uszkodzeniu, mo\u017cna j\u0105 wymieni\u0107.<br \/>\n\u25cf W przypadku uszkodzenia jakiejkolwiek cz\u0119\u015bci wystarczy wys\u0142a\u0107 informacj\u0119 i zdj\u0119cie na nasz numer WhatsApp\u2019a. Nowa cz\u0119\u015b\u0107 zostanie dostarczona po cenie hurtowej.<\/p>\n<p><em>\u2713 Wszystkie produkty posiadaj\u0105 gwarancj\u0119 na dostaw\u0119 cz\u0119\u015bci zamiennych i s\u0105 wysoce odporne na drapanie.<br \/>\n\u2713 S\u0142upki s\u0105 owini\u0119te lin\u0105 jutow\u0105 o grubo\u015bci 6 mm, kt\u00f3ra jest barwiona w 100% organiczn\u0105 farb\u0105.<br \/>\n\u2713 Mog\u0105 wyst\u0119powa\u0107 niewielkie r\u00f3\u017cnice kolorystyczne mi\u0119dzy rzeczywistym produktem a zdj\u0119ciami ze wzgl\u0119du na renderowanie kolor\u00f3w obraz\u00f3w cyfrowych.<br \/>\n\u2713 W zestawie znajduj\u0105 si\u0119 akcesoria do monta\u017cu zestawu, a tak\u017ce schemat monta\u017cu. <\/em><\/p>\n","protected":false},"excerpt":{"rendered":"<p>Drapak dla kota z tarasem i mostkiem \u29bf Mostek wy\u0142o\u017cony wyk\u0142adzin\u0105 dywanow\u0105 \u29bf Taras do relaksu \u25cf To idealny plac zabaw dla kota, na kt\u00f3rym mo\u017ce si\u0119 zrelaksowa\u0107 i dobrze bawi\u0107. Koty maj\u0105 instynktowne pragnienie ostrzenia pazurk\u00f3w na drapaku. \u25cf Drapak zaspokaja instynkt drapania, a tym samym zapobiega uszkodzeniom mebli. \u25cf 2-letnia gwarancja na produkt&hellip;<\/p>\n","protected":false},"featured_media":5421,"template":"","meta":[],"product_brand":[],"product_cat":[470],"product_tag":[477,475],"class_list":{"0":"post-5409","1":"product","2":"type-product","3":"status-publish","4":"has-post-thumbnail","6":"product_cat-drapaki-z-1-slupkiem","7":"product_tag-drapaki-z-mostkiem","8":"product_tag-drapaki-z-tarasem-koszykiem","9":"description-off","11":"first","12":"instock","13":"shipping-taxable","14":"product-type-simple"},"aioseo_notices":[],"_links":{"self":[{"href":"https:\/\/krallepet.com\/pl\/wp-json\/wp\/v2\/product\/5409","targetHints":{"allow":["GET"]}}],"collection":[{"href":"https:\/\/krallepet.com\/pl\/wp-json\/wp\/v2\/product"}],"about":[{"href":"https:\/\/krallepet.com\/pl\/wp-json\/wp\/v2\/types\/product"}],"wp:featuredmedia":[{"embeddable":true,"href":"https:\/\/krallepet.com\/pl\/wp-json\/wp\/v2\/media\/5421"}],"wp:attachment":[{"href":"https:\/\/krallepet.com\/pl\/wp-json\/wp\/v2\/media?parent=5409"}],"wp:term":[{"taxonomy":"product_brand","embeddable":true,"href":"https:\/\/krallepet.com\/pl\/wp-json\/wp\/v2\/product_brand?post=5409"},{"taxonomy":"product_cat","embeddable":true,"href":"https:\/\/krallepet.com\/pl\/wp-json\/wp\/v2\/product_cat?post=5409"},{"taxonomy":"product_tag","embeddable":true,"href":"https:\/\/krallepet.com\/pl\/wp-json\/wp\/v2\/product_tag?post=5409"}],"curies":[{"name":"wp","href":"https:\/\/api.w.org\/{rel}","templated":true}]}}